{"id":6457,"date":"2023-07-27T22:18:35","date_gmt":"2023-07-28T03:18:35","guid":{"rendered":"https:\/\/cardiovida.com.co\/?page_id=6457"},"modified":"2023-07-28T09:40:59","modified_gmt":"2023-07-28T14:40:59","slug":"autorizacion-tratamiento-datos-pqrsf","status":"publish","type":"page","link":"https:\/\/cardiovida.com.co\/en\/pqrsf\/autorizacion-tratamiento-datos-pqrsf\/","title":{"rendered":"consent"},"content":{"rendered":"<div data-elementor-type=\"wp-page\" data-elementor-id=\"6457\" class=\"elementor elementor-6457\">\n\t\t\t\t\t\t<section class=\"elementor-section elementor-top-section elementor-element elementor-element-26ce4c3a elementor-section-boxed elementor-section-height-default elementor-section-height-default\" data-id=\"26ce4c3a\" data-element_type=\"section\" data-e-type=\"section\">\n\t\t\t\t\t\t<div class=\"elementor-container elementor-column-gap-default\">\n\t\t\t\t\t<div class=\"elementor-column elementor-col-100 elementor-top-column elementor-element elementor-element-648fb342\" data-id=\"648fb342\" data-element_type=\"column\" data-e-type=\"column\">\n\t\t\t<div class=\"elementor-widget-wrap elementor-element-populated\">\n\t\t\t\t\t\t<div class=\"elementor-element elementor-element-36752c8 elementor-widget elementor-widget-heading\" data-id=\"36752c8\" data-element_type=\"widget\" data-e-type=\"widget\" data-widget_type=\"heading.default\">\n\t\t\t\t<div class=\"elementor-widget-container\">\n\t\t\t\t\t<h2 class=\"elementor-heading-title elementor-size-default\">AUTORIZACI\u00d3N PARA EL TRATAMIENTO DE DATOS PERSONALES<\/h2>\t\t\t\t<\/div>\n\t\t\t\t<\/div>\n\t\t\t\t<div class=\"elementor-element elementor-element-9c2c7ff elementor-widget elementor-widget-text-editor\" data-id=\"9c2c7ff\" data-element_type=\"widget\" data-e-type=\"widget\" data-widget_type=\"text-editor.default\">\n\t\t\t\t<div class=\"elementor-widget-container\">\n\t\t\t\t\t\t\t\t\t<p>Yo, identificado como aparece al pie de nombre, manifiesto expresamente mi consentimiento a CARDIOVIDA COLOMBIA S.A.S como responsable del tratamiento de datos personales, para que recolecte, almacene, use, circule y suprima mi informaci\u00f3n personal de acuerdo con la siguiente finalidad: Efectuar encuestas de satisfacci\u00f3n respecto de los bienes y servicios ofrecidos por Cardiovida que actuar\u00e1 como responsable del Tratamiento.<\/p><p>CARDIOVIDA COLOMBIA S.A.S pone en mi conocimiento los derechos que como titular poseo frente al tratamiento de mis datos personales, derechos que se describen a continuaci\u00f3n:<\/p><ul>\n<li>Conocer, actualizar y rectificar mis datos personales frente a Cardiovida o sus Encargados del tratamiento. Este derecho se podr\u00e1 ejercer, entre otros, frente a datos parciales, inexactos, incompletos, fraccionados, que induzcan a error, o aquellos cuyo tratamiento est\u00e9 expresamente prohibido o no haya sido autorizado.<\/li>\n<li>Solicitar a CARDIOVIDA o a sus Encargados del Tratamiento prueba de la autorizaci\u00f3n otorgada, salvo cuando expresamente se except\u00faa como requisito para el tratamiento, de conformidad con lo previsto en el art\u00edculo 10 de la Ley 1581 de 2012.<\/li>\n<li>Ser informado por CARDIOVIDA o por sus Encargados del Tratamiento, previa solicitud, respecto del uso que ha dado a mis datos personales.<\/li>\n<li>Presentar ante la Superintendencia de Industria y Comercio quejas por infracciones a lo dispuesto en la Ley 1581 de 2012 y las dem\u00e1s normas que la modifiquen, adicionen o complementen.<\/li>\n<li>Revocar la autorizaci\u00f3n y\/o solicitar la supresi\u00f3n del dato cuando en el tratamiento no se respeten los principios, derechos y garant\u00edas constitucionales y legales. La revocatoria y\/o supresi\u00f3n proceder\u00e1 cuando la Superintendencia de Industria y Comercio haya determinado que en el tratamiento CARDIOVIDA o sus Encargados han incurrido en conductas contrarias a la Ley 1581 de 2012 y a la Constituci\u00f3n.<\/li>\n<li>Acceder en forma gratuita a los datos personales que hayan sido objeto de Tratamiento.<\/li>\n<\/ul><p>\n\n\n<\/p><p>Para ampliar la informaci\u00f3n acerca de la Pol\u00edtica de tratamiento de datos personales adoptada por CARDIOVIDA COLOMBIA S.A.S, as\u00ed como los cambios sustanciales que se pudiesen presentar y los procedimientos asociados para presentar una solicitud de consulta o reclamo sobre el tratamiento de mis datos personales, podr\u00e1 consultarla en el sitio web www.cardiovida.com.co o en la sede principal ubicada en el edificio City Medica Torre 1 piso 5 Consultorio 515 Rionegro, Antioquia.<\/p>\t\t\t\t\t\t\t\t<\/div>\n\t\t\t\t<\/div>\n\t\t\t\t\t<\/div>\n\t\t<\/div>\n\t\t\t\t\t<\/div>\n\t\t<\/section>\n\t\t\t\t<\/div>","protected":false},"excerpt":{"rendered":"<p>AUTORIZACI\u00d3N PARA EL TRATAMIENTO DE DATOS PERSONALES Yo, identificado como aparece al pie de nombre, manifiesto expresamente mi consentimiento a CARDIOVIDA COLOMBIA S.A.S como responsable del tratamiento de datos personales, para que recolecte, almacene, use, circule y suprima mi informaci\u00f3n personal de acuerdo con la siguiente finalidad: Efectuar encuestas de satisfacci\u00f3n respecto de los bienes [&hellip;]<\/p>\n","protected":false},"author":1,"featured_media":0,"parent":6475,"menu_order":0,"comment_status":"closed","ping_status":"closed","template":"elementor_header_footer","meta":{"footnotes":""},"class_list":["post-6457","page","type-page","status-publish","hentry"],"aioseo_notices":[],"_links":{"self":[{"href":"https:\/\/cardiovida.com.co\/en\/wp-json\/wp\/v2\/pages\/6457","targetHints":{"allow":["GET"]}}],"collection":[{"href":"https:\/\/cardiovida.com.co\/en\/wp-json\/wp\/v2\/pages"}],"about":[{"href":"https:\/\/cardiovida.com.co\/en\/wp-json\/wp\/v2\/types\/page"}],"author":[{"embeddable":true,"href":"https:\/\/cardiovida.com.co\/en\/wp-json\/wp\/v2\/users\/1"}],"replies":[{"embeddable":true,"href":"https:\/\/cardiovida.com.co\/en\/wp-json\/wp\/v2\/comments?post=6457"}],"version-history":[{"count":4,"href":"https:\/\/cardiovida.com.co\/en\/wp-json\/wp\/v2\/pages\/6457\/revisions"}],"predecessor-version":[{"id":6462,"href":"https:\/\/cardiovida.com.co\/en\/wp-json\/wp\/v2\/pages\/6457\/revisions\/6462"}],"up":[{"embeddable":true,"href":"https:\/\/cardiovida.com.co\/en\/wp-json\/wp\/v2\/pages\/6475"}],"wp:attachment":[{"href":"https:\/\/cardiovida.com.co\/en\/wp-json\/wp\/v2\/media?parent=6457"}],"curies":[{"name":"wp","href":"https:\/\/api.w.org\/{rel}","templated":true}]}}